{"id":23,"date":"2025-11-06T01:21:47","date_gmt":"2025-11-06T00:21:47","guid":{"rendered":"https:\/\/subasta.plan-ca.org\/?page_id=23"},"modified":"2026-01-09T20:59:54","modified_gmt":"2026-01-09T14:59:54","slug":"inicio","status":"publish","type":"page","link":"https:\/\/subasta.plan-ca.org\/","title":{"rendered":"Inicio"},"content":{"rendered":"\t\t<div data-elementor-type=\"wp-page\" data-elementor-id=\"23\" class=\"elementor elementor-23\">\n\t\t\t\t<div class=\"elementor-element elementor-element-c748b05 e-flex e-con-boxed e-con e-parent\" data-id=\"c748b05\" data-element_type=\"container\">\n\t\t\t\t\t<div class=\"e-con-inner\">\n\t\t<div class=\"elementor-element elementor-element-df64f1a e-con-full e-flex e-con e-child\" data-id=\"df64f1a\" data-element_type=\"container\">\n\t\t\t\t<div class=\"elementor-element elementor-element-9da6ff1 elementor-widget elementor-widget-spacer\" data-id=\"9da6ff1\" data-element_type=\"widget\" data-widget_type=\"spacer.default\">\n\t\t\t\t\t\t\t<div class=\"elementor-spacer\">\n\t\t\t<div class=\"elementor-spacer-inner\"><\/div>\n\t\t<\/div>\n\t\t\t\t\t\t<\/div>\n\t\t\t\t<div class=\"elementor-element elementor-element-158cb43 elementor-widget elementor-widget-heading\" data-id=\"158cb43\" data-element_type=\"widget\" data-widget_type=\"heading.default\">\n\t\t\t\t\t<h2 class=\"elementor-heading-title elementor-size-default\">Subastas Plan HN<\/h2>\t\t\t\t<\/div>\n\t\t\t\t<div class=\"elementor-element elementor-element-634fbe3 elementor-widget elementor-widget-text-editor\" data-id=\"634fbe3\" data-element_type=\"widget\" data-widget_type=\"text-editor.default\">\n\t\t\t\t\t\t\t\t\t<p>Plataforma oficial de subastas de Plan International Honduras, un espacio transparente y accesible para que el p\u00fablico pueda adquirir art\u00edculos a trav\u00e9s de procesos abiertos.<\/p>\t\t\t\t\t\t\t\t<\/div>\n\t\t<div class=\"elementor-element elementor-element-c1c143a e-grid e-con-full e-con e-child\" data-id=\"c1c143a\" data-element_type=\"container\">\n\t\t\t\t<div class=\"elementor-element elementor-element-17b0c8c elementor-widget elementor-widget-button\" data-id=\"17b0c8c\" data-element_type=\"widget\" data-widget_type=\"button.default\">\n\t\t\t\t\t\t\t\t\t\t<a class=\"elementor-button elementor-button-link elementor-size-sm\" href=\"https:\/\/subasta.plan-ca.org\/?post_type=product\">\n\t\t\t\t\t\t<span class=\"elementor-button-content-wrapper\">\n\t\t\t\t\t\t\t\t\t<span class=\"elementor-button-text\">Ver productos<\/span>\n\t\t\t\t\t<\/span>\n\t\t\t\t\t<\/a>\n\t\t\t\t\t\t\t\t<\/div>\n\t\t\t\t<div class=\"elementor-element elementor-element-64c0c31 elementor-widget elementor-widget-button\" data-id=\"64c0c31\" data-element_type=\"widget\" data-widget_type=\"button.default\">\n\t\t\t\t\t\t\t\t\t\t<a class=\"elementor-button elementor-button-link elementor-size-sm\" href=\"https:\/\/subasta.plan-ca.org\/?page_id=20\">\n\t\t\t\t\t\t<span class=\"elementor-button-content-wrapper\">\n\t\t\t\t\t\t<span class=\"elementor-button-icon\">\n\t\t\t\t<svg aria-hidden=\"true\" class=\"e-font-icon-svg e-fas-list\" viewBox=\"0 0 512 512\" xmlns=\"http:\/\/www.w3.org\/2000\/svg\"><path d=\"M80 368H16a16 16 0 0 0-16 16v64a16 16 0 0 0 16 16h64a16 16 0 0 0 16-16v-64a16 16 0 0 0-16-16zm0-320H16A16 16 0 0 0 0 64v64a16 16 0 0 0 16 16h64a16 16 0 0 0 16-16V64a16 16 0 0 0-16-16zm0 160H16a16 16 0 0 0-16 16v64a16 16 0 0 0 16 16h64a16 16 0 0 0 16-16v-64a16 16 0 0 0-16-16zm416 176H176a16 16 0 0 0-16 16v32a16 16 0 0 0 16 16h320a16 16 0 0 0 16-16v-32a16 16 0 0 0-16-16zm0-320H176a16 16 0 0 0-16 16v32a16 16 0 0 0 16 16h320a16 16 0 0 0 16-16V80a16 16 0 0 0-16-16zm0 160H176a16 16 0 0 0-16 16v32a16 16 0 0 0 16 16h320a16 16 0 0 0 16-16v-32a16 16 0 0 0-16-16z\"><\/path><\/svg>\t\t\t<\/span>\n\t\t\t\t\t\t\t\t\t<span class=\"elementor-button-text\">Condiciones<\/span>\n\t\t\t\t\t<\/span>\n\t\t\t\t\t<\/a>\n\t\t\t\t\t\t\t\t<\/div>\n\t\t\t\t<\/div>\n\t\t\t\t<\/div>\n\t\t<div class=\"elementor-element elementor-element-0ac8c62 e-con-full e-flex e-con e-child\" data-id=\"0ac8c62\" data-element_type=\"container\">\n\t\t\t\t<div class=\"elementor-element elementor-element-d159c0e elementor-widget elementor-widget-image\" data-id=\"d159c0e\" data-element_type=\"widget\" data-widget_type=\"image.default\">\n\t\t\t\t\t\t\t\t\t\t\t\t\t\t\t<img fetchpriority=\"high\" decoding=\"async\" width=\"640\" height=\"640\" src=\"https:\/\/subasta.plan-ca.org\/wp-content\/uploads\/2025\/11\/subasta2-1024x1024-1.jpg\" class=\"attachment-large size-large wp-image-26\" alt=\"\" srcset=\"https:\/\/subasta.plan-ca.org\/wp-content\/uploads\/2025\/11\/subasta2-1024x1024-1.jpg 1024w, https:\/\/subasta.plan-ca.org\/wp-content\/uploads\/2025\/11\/subasta2-1024x1024-1-300x300.jpg 300w, https:\/\/subasta.plan-ca.org\/wp-content\/uploads\/2025\/11\/subasta2-1024x1024-1-200x200.jpg 200w, https:\/\/subasta.plan-ca.org\/wp-content\/uploads\/2025\/11\/subasta2-1024x1024-1-600x600.jpg 600w, https:\/\/subasta.plan-ca.org\/wp-content\/uploads\/2025\/11\/subasta2-1024x1024-1-150x150.jpg 150w, https:\/\/subasta.plan-ca.org\/wp-content\/uploads\/2025\/11\/subasta2-1024x1024-1-768x768.jpg 768w\" sizes=\"(max-width: 640px) 100vw, 640px\" \/>\t\t\t\t\t\t\t\t\t\t\t\t\t\t\t<\/div>\n\t\t\t\t<\/div>\n\t\t\t\t\t<\/div>\n\t\t\t\t<\/div>\n\t\t\t\t<\/div>\n\t\t","protected":false},"excerpt":{"rendered":"<p>Subastas Plan HN Plataforma oficial de subastas de Plan International Honduras, un espacio transparente y accesible para que el p\u00fablico pueda adquirir art\u00edculos a trav\u00e9s de procesos abiertos. Ver productos Condiciones<\/p>\n","protected":false},"author":1,"featured_media":0,"parent":0,"menu_order":0,"comment_status":"closed","ping_status":"closed","template":"","meta":{"footnotes":""},"class_list":["post-23","page","type-page","status-publish","hentry"],"_links":{"self":[{"href":"https:\/\/subasta.plan-ca.org\/index.php?rest_route=\/wp\/v2\/pages\/23","targetHints":{"allow":["GET"]}}],"collection":[{"href":"https:\/\/subasta.plan-ca.org\/index.php?rest_route=\/wp\/v2\/pages"}],"about":[{"href":"https:\/\/subasta.plan-ca.org\/index.php?rest_route=\/wp\/v2\/types\/page"}],"author":[{"embeddable":true,"href":"https:\/\/subasta.plan-ca.org\/index.php?rest_route=\/wp\/v2\/users\/1"}],"replies":[{"embeddable":true,"href":"https:\/\/subasta.plan-ca.org\/index.php?rest_route=%2Fwp%2Fv2%2Fcomments&post=23"}],"version-history":[{"count":12,"href":"https:\/\/subasta.plan-ca.org\/index.php?rest_route=\/wp\/v2\/pages\/23\/revisions"}],"predecessor-version":[{"id":1023,"href":"https:\/\/subasta.plan-ca.org\/index.php?rest_route=\/wp\/v2\/pages\/23\/revisions\/1023"}],"wp:attachment":[{"href":"https:\/\/subasta.plan-ca.org\/index.php?rest_route=%2Fwp%2Fv2%2Fmedia&parent=23"}],"curies":[{"name":"wp","href":"https:\/\/api.w.org\/{rel}","templated":true}]}}